{"id":485,"date":"2021-08-02T11:07:03","date_gmt":"2021-08-02T11:07:03","guid":{"rendered":"http:\/\/brandingphotography.it\/?page_id=485"},"modified":"2021-08-02T13:16:05","modified_gmt":"2021-08-02T13:16:05","slug":"for-entrepreneur","status":"publish","type":"page","link":"https:\/\/brandingphotography.it\/it\/for-entrepreneur\/","title":{"rendered":"Per Imprenditori"},"content":{"rendered":"<div data-elementor-type=\"wp-page\" data-elementor-id=\"485\" class=\"elementor elementor-485\">\n\t\t\t\t\t\t<section class=\"elementor-section elementor-top-section elementor-element elementor-element-20afed1 elementor-section-full_width elementor-section-height-default elementor-section-height-default\" data-id=\"20afed1\" data-element_type=\"section\">\n\t\t\t\t\t\t<div class=\"elementor-container elementor-column-gap-default\">\n\t\t\t\t\t<div class=\"elementor-column elementor-col-50 elementor-top-column elementor-element elementor-element-13587a8f\" data-id=\"13587a8f\" data-element_type=\"column\">\n\t\t\t<div class=\"elementor-widget-wrap elementor-element-populated\">\n\t\t\t\t\t\t<div class=\"elementor-element elementor-element-434f5da1 elementor-widget elementor-widget-heading\" data-id=\"434f5da1\" data-element_type=\"widget\" data-widget_type=\"heading.default\">\n\t\t\t\t<div class=\"elementor-widget-container\">\n\t\t\t\t\t<h1 class=\"elementor-heading-title elementor-size-default\">Personal Branding Photography<b>&nbsp;<\/b><div><b>per imprenditori di successo<\/b><\/div><\/h1>\t\t\t\t<\/div>\n\t\t\t\t<\/div>\n\t\t\t\t\t<\/div>\n\t\t<\/div>\n\t\t\t\t<div class=\"elementor-column elementor-col-50 elementor-top-column elementor-element elementor-element-66b0b702\" data-id=\"66b0b702\" data-element_type=\"column\">\n\t\t\t<div class=\"elementor-widget-wrap elementor-element-populated\">\n\t\t\t\t\t\t<div class=\"elementor-element elementor-element-7ad095fb elementor-widget elementor-widget-text-editor\" data-id=\"7ad095fb\" data-element_type=\"widget\" data-widget_type=\"text-editor.default\">\n\t\t\t\t<div class=\"elementor-widget-container\">\n\t\t\t\t\t\t\t\t\t<p>Ti aiuto a mostrare cosa ti rende diverso, catturando con la fotografia la tua essenza. Pianifico strategicamente la fotografia di headshot e personal brand per aiutarti a ottenere pi\u00f9 clienti, pi\u00f9 opportunit\u00e0 e migliorare la tua immagine mentre costruisci un business che ti far\u00e0 brillare<\/p>\t\t\t\t\t\t\t\t<\/div>\n\t\t\t\t<\/div>\n\t\t\t\t\t<\/div>\n\t\t<\/div>\n\t\t\t\t\t<\/div>\n\t\t<\/section>\n\t\t\t\t<section class=\"elementor-section elementor-top-section elementor-element elementor-element-7a0bc635 elementor-section-full_width elementor-section-height-default elementor-section-height-default\" data-id=\"7a0bc635\" data-element_type=\"section\">\n\t\t\t\t\t\t<div class=\"elementor-container elementor-column-gap-default\">\n\t\t\t\t\t<div class=\"elementor-column elementor-col-25 elementor-top-column elementor-element elementor-element-c3cd9d4\" data-id=\"c3cd9d4\" data-element_type=\"column\">\n\t\t\t<div class=\"elementor-widget-wrap elementor-element-populated\">\n\t\t\t\t\t\t<div class=\"elementor-element elementor-element-64297de elementor-widget elementor-widget-image\" data-id=\"64297de\" data-element_type=\"widget\" data-widget_type=\"image.default\">\n\t\t\t\t<div class=\"elementor-widget-container\">\n\t\t\t\t\t\t\t\t\t\t\t\t\t\t\t<img fetchpriority=\"high\" decoding=\"async\" width=\"800\" height=\"533\" src=\"https:\/\/brandingphotography.it\/wp-content\/uploads\/2021\/06\/Pauline00050.jpg\" class=\"attachment-large size-large wp-image-283\" alt=\"personal branding photography\" srcset=\"https:\/\/brandingphotography.it\/wp-content\/uploads\/2021\/06\/Pauline00050.jpg 900w, https:\/\/brandingphotography.it\/wp-content\/uploads\/2021\/06\/Pauline00050-300x200.jpg 300w, https:\/\/brandingphotography.it\/wp-content\/uploads\/2021\/06\/Pauline00050-768x512.jpg 768w\" sizes=\"(max-width: 800px) 100vw, 800px\" \/>\t\t\t\t\t\t\t\t\t\t\t\t\t\t\t<\/div>\n\t\t\t\t<\/div>\n\t\t\t\t<div class=\"elementor-element elementor-element-26a7524 elementor-widget elementor-widget-text-editor\" data-id=\"26a7524\" data-element_type=\"widget\" data-widget_type=\"text-editor.default\">\n\t\t\t\t<div class=\"elementor-widget-container\">\n\t\t\t\t\t\t\t\t\t<h1 style=\"margin: 0px 0px 0.25em; font-family: 'Linux Libertine', Georgia, Times, serif; line-height: 1.3; color: #000000; font-size: 1.8em; padding: 0px; overflow: visible; border-bottom-width: 1px; border-bottom-style: solid; border-bottom-color: #a2a9b1;\">Pauline Londeix<\/h1><div>\u00a0<\/div>\t\t\t\t\t\t\t\t<\/div>\n\t\t\t\t<\/div>\n\t\t\t\t<div class=\"elementor-element elementor-element-f0b615c elementor-widget elementor-widget-text-editor\" data-id=\"f0b615c\" data-element_type=\"widget\" data-widget_type=\"text-editor.default\">\n\t\t\t\t<div class=\"elementor-widget-container\">\n\t\t\t\t\t\t\t\t\t<h6>Attivista, ricercatrice e scrittrice francese\u00a0<span id=\"cite_ref-1\" class=\"reference\" style=\"font-size: 12px; line-height: 0; position: relative; vertical-align: baseline; top: -0.5em;\"><\/span>researcher and writer<\/h6>\t\t\t\t\t\t\t\t<\/div>\n\t\t\t\t<\/div>\n\t\t\t\t\t<\/div>\n\t\t<\/div>\n\t\t\t\t<div class=\"elementor-column elementor-col-25 elementor-top-column elementor-element elementor-element-ceb8557\" data-id=\"ceb8557\" data-element_type=\"column\">\n\t\t\t<div class=\"elementor-widget-wrap elementor-element-populated\">\n\t\t\t\t\t\t<div class=\"elementor-element elementor-element-8cf1b27 elementor-widget elementor-widget-image\" data-id=\"8cf1b27\" data-element_type=\"widget\" data-widget_type=\"image.default\">\n\t\t\t\t<div class=\"elementor-widget-container\">\n\t\t\t\t\t\t\t\t\t\t\t\t\t\t\t<img decoding=\"async\" width=\"684\" height=\"1024\" src=\"https:\/\/brandingphotography.it\/wp-content\/uploads\/2021\/05\/brandingphotography21-684x1024.jpg\" class=\"attachment-large size-large wp-image-81\" alt=\"marie forleo\" srcset=\"https:\/\/brandingphotography.it\/wp-content\/uploads\/2021\/05\/brandingphotography21-684x1024.jpg 684w, https:\/\/brandingphotography.it\/wp-content\/uploads\/2021\/05\/brandingphotography21-200x300.jpg 200w, https:\/\/brandingphotography.it\/wp-content\/uploads\/2021\/05\/brandingphotography21-768x1151.jpg 768w, https:\/\/brandingphotography.it\/wp-content\/uploads\/2021\/05\/brandingphotography21.jpg 801w\" sizes=\"(max-width: 684px) 100vw, 684px\" \/>\t\t\t\t\t\t\t\t\t\t\t\t\t\t\t<\/div>\n\t\t\t\t<\/div>\n\t\t\t\t<div class=\"elementor-element elementor-element-00f8c30 elementor-widget elementor-widget-text-editor\" data-id=\"00f8c30\" data-element_type=\"widget\" data-widget_type=\"text-editor.default\">\n\t\t\t\t<div class=\"elementor-widget-container\">\n\t\t\t\t\t\t\t\t\t<h1 style=\"color: #000000; margin: 0px 0px 0.25em; padding: 0px; overflow: visible; border-bottom-width: 1px; border-bottom-style: solid; border-bottom-color: #a2a9b1; font-size: 1.8em; font-family: 'Linux Libertine', Georgia, Times, serif; line-height: 1.3;\">Marie Forleo<\/h1><div>\u00a0<\/div>\t\t\t\t\t\t\t\t<\/div>\n\t\t\t\t<\/div>\n\t\t\t\t<div class=\"elementor-element elementor-element-3ee664e elementor-widget elementor-widget-text-editor\" data-id=\"3ee664e\" data-element_type=\"widget\" data-widget_type=\"text-editor.default\">\n\t\t\t\t<div class=\"elementor-widget-container\">\n\t\t\t\t\t\t\t\t\t<h6>M<span style=\"caret-color: #202124; color: #202124; font-family: arial, sans-serif;\">Imprenditrice: Esperta di marketing e lifestile. Autrice di bestseller<\/span><\/h6>\t\t\t\t\t\t\t\t<\/div>\n\t\t\t\t<\/div>\n\t\t\t\t\t<\/div>\n\t\t<\/div>\n\t\t\t\t<div class=\"elementor-column elementor-col-25 elementor-top-column elementor-element elementor-element-5d6423b\" data-id=\"5d6423b\" data-element_type=\"column\">\n\t\t\t<div class=\"elementor-widget-wrap elementor-element-populated\">\n\t\t\t\t\t\t<div class=\"elementor-element elementor-element-2d13d4f elementor-widget elementor-widget-image\" data-id=\"2d13d4f\" data-element_type=\"widget\" data-widget_type=\"image.default\">\n\t\t\t\t<div class=\"elementor-widget-container\">\n\t\t\t\t\t\t\t\t\t\t\t\t\t\t\t<img decoding=\"async\" width=\"600\" height=\"401\" src=\"https:\/\/brandingphotography.it\/wp-content\/uploads\/2021\/05\/180829_Clio_0140.jpg\" class=\"attachment-large size-large wp-image-247\" alt=\"Kaitlyn Bristowe\" srcset=\"https:\/\/brandingphotography.it\/wp-content\/uploads\/2021\/05\/180829_Clio_0140.jpg 600w, https:\/\/brandingphotography.it\/wp-content\/uploads\/2021\/05\/180829_Clio_0140-300x201.jpg 300w\" sizes=\"(max-width: 600px) 100vw, 600px\" \/>\t\t\t\t\t\t\t\t\t\t\t\t\t\t\t<\/div>\n\t\t\t\t<\/div>\n\t\t\t\t<div class=\"elementor-element elementor-element-80d8270 elementor-widget elementor-widget-text-editor\" data-id=\"80d8270\" data-element_type=\"widget\" data-widget_type=\"text-editor.default\">\n\t\t\t\t<div class=\"elementor-widget-container\">\n\t\t\t\t\t\t\t\t\t<h1 style=\"color: #000000; margin: 0px 0px 0.25em; padding: 0px; overflow: visible; border-bottom-width: 1px; border-bottom-style: solid; border-bottom-color: #a2a9b1; font-size: 1.8em; font-family: 'Linux Libertine', Georgia, Times, serif; line-height: 1.3;\">Kaitlyn Bristowe<\/h1><div>\u00a0<\/div>\t\t\t\t\t\t\t\t<\/div>\n\t\t\t\t<\/div>\n\t\t\t\t<div class=\"elementor-element elementor-element-b3b3a94 elementor-widget elementor-widget-text-editor\" data-id=\"b3b3a94\" data-element_type=\"widget\" data-widget_type=\"text-editor.default\">\n\t\t\t\t<div class=\"elementor-widget-container\">\n\t\t\t\t\t\t\t\t\t<h6>Personalit\u00e0 della televisione canadese e podcaster<\/h6>\t\t\t\t\t\t\t\t<\/div>\n\t\t\t\t<\/div>\n\t\t\t\t\t<\/div>\n\t\t<\/div>\n\t\t\t\t<div class=\"elementor-column elementor-col-25 elementor-top-column elementor-element elementor-element-1191c15\" data-id=\"1191c15\" data-element_type=\"column\">\n\t\t\t<div class=\"elementor-widget-wrap elementor-element-populated\">\n\t\t\t\t\t\t<div class=\"elementor-element elementor-element-24414a5 elementor-widget elementor-widget-image\" data-id=\"24414a5\" data-element_type=\"widget\" data-widget_type=\"image.default\">\n\t\t\t\t<div class=\"elementor-widget-container\">\n\t\t\t\t\t\t\t\t\t\t\t\t\t\t\t<img loading=\"lazy\" decoding=\"async\" width=\"683\" height=\"1024\" src=\"https:\/\/brandingphotography.it\/wp-content\/uploads\/2021\/05\/brandingphotography11-683x1024.jpg\" class=\"attachment-large size-large wp-image-71\" alt=\"tania weltz\" srcset=\"https:\/\/brandingphotography.it\/wp-content\/uploads\/2021\/05\/brandingphotography11-683x1024.jpg 683w, https:\/\/brandingphotography.it\/wp-content\/uploads\/2021\/05\/brandingphotography11-200x300.jpg 200w, https:\/\/brandingphotography.it\/wp-content\/uploads\/2021\/05\/brandingphotography11-768x1152.jpg 768w, https:\/\/brandingphotography.it\/wp-content\/uploads\/2021\/05\/brandingphotography11.jpg 800w\" sizes=\"(max-width: 683px) 100vw, 683px\" \/>\t\t\t\t\t\t\t\t\t\t\t\t\t\t\t<\/div>\n\t\t\t\t<\/div>\n\t\t\t\t<div class=\"elementor-element elementor-element-7972033 elementor-widget elementor-widget-text-editor\" data-id=\"7972033\" data-element_type=\"widget\" data-widget_type=\"text-editor.default\">\n\t\t\t\t<div class=\"elementor-widget-container\">\n\t\t\t\t\t\t\t\t\t<h1 style=\"color: #000000; margin: 0px 0px 0.25em; padding: 0px; overflow: visible; border-bottom-width: 1px; border-bottom-style: solid; border-bottom-color: #a2a9b1; font-size: 1.8em; font-family: 'Linux Libertine', Georgia, Times, serif; line-height: 1.3;\">Tania Weltz<\/h1><div>\u00a0<\/div>\t\t\t\t\t\t\t\t<\/div>\n\t\t\t\t<\/div>\n\t\t\t\t<div class=\"elementor-element elementor-element-910bd9e elementor-widget elementor-widget-text-editor\" data-id=\"910bd9e\" data-element_type=\"widget\" data-widget_type=\"text-editor.default\">\n\t\t\t\t<div class=\"elementor-widget-container\">\n\t\t\t\t\t\t\t\t\t<h6>Artista Tedesca, risiede a Roma da oltre 20 anni<\/h6>\t\t\t\t\t\t\t\t<\/div>\n\t\t\t\t<\/div>\n\t\t\t\t\t<\/div>\n\t\t<\/div>\n\t\t\t\t\t<\/div>\n\t\t<\/section>\n\t\t\t\t<section class=\"elementor-section elementor-top-section elementor-element elementor-element-4c6a2128 elementor-section-full_width elementor-section-height-default elementor-section-height-default\" data-id=\"4c6a2128\" data-element_type=\"section\">\n\t\t\t\t\t\t<div class=\"elementor-container elementor-column-gap-default\">\n\t\t\t\t\t<div class=\"elementor-column elementor-col-100 elementor-top-column elementor-element elementor-element-1d8a012a\" data-id=\"1d8a012a\" data-element_type=\"column\" data-settings=\"{&quot;motion_fx_motion_fx_scrolling&quot;:&quot;yes&quot;,&quot;motion_fx_translateX_effect&quot;:&quot;yes&quot;,&quot;motion_fx_translateX_speed&quot;:{&quot;unit&quot;:&quot;px&quot;,&quot;size&quot;:&quot;1&quot;,&quot;sizes&quot;:[]},&quot;motion_fx_translateX_affectedRange&quot;:{&quot;unit&quot;:&quot;%&quot;,&quot;size&quot;:&quot;&quot;,&quot;sizes&quot;:{&quot;start&quot;:&quot;0&quot;,&quot;end&quot;:&quot;50&quot;}},&quot;motion_fx_devices&quot;:[&quot;desktop&quot;,&quot;tablet&quot;]}\">\n\t\t\t<div class=\"elementor-widget-wrap elementor-element-populated\">\n\t\t\t\t\t\t<div class=\"elementor-element elementor-element-82bb1a4 elementor-widget-divider--view-line_text elementor-widget-divider--element-align-left elementor-widget elementor-widget-divider\" data-id=\"82bb1a4\" data-element_type=\"widget\" data-widget_type=\"divider.default\">\n\t\t\t\t<div class=\"elementor-widget-container\">\n\t\t\t\t\t\t\t<div class=\"elementor-divider\">\n\t\t\t<span class=\"elementor-divider-separator\">\n\t\t\t\t\t\t\t<span class=\"elementor-divider__text elementor-divider__element\">\n\t\t\t\tOur <b>Projects<\/b>\t\t\t\t<\/span>\n\t\t\t\t\t\t<\/span>\n\t\t<\/div>\n\t\t\t\t\t\t<\/div>\n\t\t\t\t<\/div>\n\t\t\t\t\t<\/div>\n\t\t<\/div>\n\t\t\t\t\t<\/div>\n\t\t<\/section>\n\t\t\t\t<section class=\"elementor-section elementor-top-section elementor-element elementor-element-242ea603 elementor-section-full_width elementor-section-height-default elementor-section-height-default\" data-id=\"242ea603\" data-element_type=\"section\">\n\t\t\t\t\t\t<div class=\"elementor-container elementor-column-gap-default\">\n\t\t\t\t\t<div class=\"elementor-column elementor-col-100 elementor-top-column elementor-element elementor-element-758b7d4d\" data-id=\"758b7d4d\" data-element_type=\"column\">\n\t\t\t<div class=\"elementor-widget-wrap elementor-element-populated\">\n\t\t\t\t\t\t<div class=\"elementor-element elementor-element-26a3e483 elementor-grid-2 elementor-grid-tablet-2 elementor-grid-mobile-1 elementor-posts--thumbnail-top elementor-widget elementor-widget-posts\" data-id=\"26a3e483\" data-element_type=\"widget\" data-settings=\"{&quot;classic_columns&quot;:&quot;2&quot;,&quot;classic_row_gap&quot;:{&quot;unit&quot;:&quot;px&quot;,&quot;size&quot;:&quot;50&quot;,&quot;sizes&quot;:[]},&quot;classic_columns_tablet&quot;:&quot;2&quot;,&quot;classic_columns_mobile&quot;:&quot;1&quot;,&quot;classic_row_gap_tablet&quot;:{&quot;unit&quot;:&quot;px&quot;,&quot;size&quot;:&quot;&quot;,&quot;sizes&quot;:[]},&quot;classic_row_gap_mobile&quot;:{&quot;unit&quot;:&quot;px&quot;,&quot;size&quot;:&quot;&quot;,&quot;sizes&quot;:[]}}\" data-widget_type=\"posts.classic\">\n\t\t\t\t<div class=\"elementor-widget-container\">\n\t\t\t\t\t\t\t<div class=\"elementor-posts-container elementor-posts elementor-posts--skin-classic elementor-grid\">\n\t\t\t\t<article class=\"elementor-post elementor-grid-item post-526 post type-post status-publish format-standard hentry category-uncategorized\">\n\t\t\t\t<div class=\"elementor-post__text\">\n\t\t\t\t<h3 class=\"elementor-post__title\">\n\t\t\t<a href=\"https:\/\/brandingphotography.it\/it\/5-reasons-why-personal-branding-photography-is-important\/\" >\n\t\t\t\t5 motivi per cui la fotografia di personal branding \u00e8 importante\t\t\t<\/a>\n\t\t<\/h3>\n\t\t\t\t<\/div>\n\t\t\t\t<\/article>\n\t\t\t\t<\/div>\n\n\n\t\t\n\t\t\t\t\t\t<\/div>\n\t\t\t\t<\/div>\n\t\t\t\t\t<\/div>\n\t\t<\/div>\n\t\t\t\t\t<\/div>\n\t\t<\/section>\n\t\t\t\t<\/div>","protected":false},"excerpt":{"rendered":"<p>Personal Branding Photography&nbsp;for people that rocks I am here to truly capture your spirit and show what makes you different. I strategically plan headshot and<\/p>","protected":false},"author":1,"featured_media":0,"parent":0,"menu_order":0,"comment_status":"closed","ping_status":"closed","template":"","meta":{"_eb_attr":"","footnotes":""},"class_list":["post-485","page","type-page","status-publish","hentry"],"_links":{"self":[{"href":"https:\/\/brandingphotography.it\/it\/wp-json\/wp\/v2\/pages\/485","targetHints":{"allow":["GET"]}}],"collection":[{"href":"https:\/\/brandingphotography.it\/it\/wp-json\/wp\/v2\/pages"}],"about":[{"href":"https:\/\/brandingphotography.it\/it\/wp-json\/wp\/v2\/types\/page"}],"author":[{"embeddable":true,"href":"https:\/\/brandingphotography.it\/it\/wp-json\/wp\/v2\/users\/1"}],"replies":[{"embeddable":true,"href":"https:\/\/brandingphotography.it\/it\/wp-json\/wp\/v2\/comments?post=485"}],"version-history":[{"count":7,"href":"https:\/\/brandingphotography.it\/it\/wp-json\/wp\/v2\/pages\/485\/revisions"}],"predecessor-version":[{"id":495,"href":"https:\/\/brandingphotography.it\/it\/wp-json\/wp\/v2\/pages\/485\/revisions\/495"}],"wp:attachment":[{"href":"https:\/\/brandingphotography.it\/it\/wp-json\/wp\/v2\/media?parent=485"}],"curies":[{"name":"wp","href":"https:\/\/api.w.org\/{rel}","templated":true}]}}